{"id":3,"date":"2020-12-18T11:38:21","date_gmt":"2020-12-18T10:38:21","guid":{"rendered":"https:\/\/sauter-digital.com\/?page_id=3"},"modified":"2023-04-19T14:31:44","modified_gmt":"2023-04-19T12:31:44","slug":"datenschutzerklaerung","status":"publish","type":"page","link":"https:\/\/trade-fair.sauter-digital.com\/en\/datenschutzerklaerung\/","title":{"rendered":"Datenschutzerkl\u00e4rung"},"content":{"rendered":"\n<h1 class=\"wp-block-heading\">Datenschutzerkl\u00e4rung<\/h1>\n\n\n\n<h3 class=\"wp-block-heading\">Identit\u00e4t des Verantwortlichen:<\/h3>\n\n\n\n<p><strong>Sauter-Cumulus GmbH&nbsp;<\/strong><br>Hans-Bunte-Str. 15<br>79108 Freiburg<br>Tel. +49 761 5105-0<br>Fax +49 761 5105-234<\/p>\n\n\n\n<h3 class=\"wp-block-heading\">Kontaktdaten der Datenschutzbeauftragten:<\/h3>\n\n\n\n<p>Herr Daniel Albrecht<br><a href=\"mailto:datenschutz@de.sauter-bc.com\">datenschutz(at)de.sauter-bc(dot)com<\/a><\/p>\n\n\n\n<h3 class=\"wp-block-heading\">Information \u00fcber die Erhebung personenbezogener Daten beim Besuch unserer Webseite<\/h3>\n\n\n\n<p>Soweit Sie unsere Webseite nur informatorisch nutzen ohne uns anderweitig Informationen zu \u00fcbermitteln, erheben wir nur die personenbezogenen Daten, die Ihr Browser an unseren Server \u00fcbermittelt. Wenn Sie unsere Website betrachten m\u00f6chten, erheben wir Daten, die f\u00fcr uns technisch erforderlich sind, um Ihnen unsere Webseite anzuzeigen und die Stabilit\u00e4t und Sicherheit zu gew\u00e4hrleisten (Rechtsgrundlage ist Art. 6 Abs. 1 S. 1 lit. f DSGVO). Solche Daten sind:<\/p>\n\n\n\n<ul class=\"wp-block-list\">\n<li>IP-Adresse des zugreifenden Rechners<\/li>\n\n\n\n<li>Datum und Uhrzeit des Abrufs<\/li>\n\n\n\n<li>URL der abgerufenen Seite<\/li>\n\n\n\n<li>Statusmeldung dar\u00fcber, ob der Abruf erfolgreich war<\/li>\n\n\n\n<li>\u00dcbertragene Datenmenge<\/li>\n\n\n\n<li>die Referrer-URL von der der Nutzer auf die abgerufene Seite gekommen ist<\/li>\n\n\n\n<li>HTTP User Agent (Device, Betriebssystem, Browser)<\/li>\n<\/ul>\n\n\n\n<h3 class=\"wp-block-heading\">Einsatz von Cookies<\/h3>\n\n\n\n<p>Bei der Nutzung unserer Webseite durch Sie werden zudem Cookies auf Ihrem Rechner gespeichert, also kleine Textdateien, die auf Ihrer Festplatte dem von Ihnen verwendeten Browser zugeordnet gespeichert werden und durch welche uns als Cookie setzende Stelle bestimmte Informationen zuflie\u00dfen. Wir setzen Cookies dazu ein, unsere Webseite nutzerfreundlicher und effektiver zu machen (Rechtsgrundlage ist Art. 6 Abs. 1 lif. f DSGVO).<\/p>\n\n\n\n<p><strong>Welche Art von Cookies werden verwendet?<\/strong><br>Auf unserer Webseite verwenden wir transiente Cookies, wie beispielsweise Session Cookies, die eine Session-ID speichern.&nbsp; Mit dieser lassen sich wiederum verschiedene Anfragen Ihres Browser der gemeinsamen Sitzung zuordnen, so dass Ihr Rechner wiedererkannt werden kann, wenn Sie unsere Webseite wieder besuchen. Eine L\u00f6schung der Session-Cookies und transiente Cookies findet statt, wenn Sie den Browser schlie\u00dfen oder sich ausloggen.<\/p>\n\n\n\n<p>Wir verwenden auf unserer Webseite au\u00dferdem persistente Cookies. Diese Cookies bleiben auf Ihrem Endger\u00e4t gespeichert, bis Sie diese l\u00f6schen. Diese Cookies erm\u00f6glichen es uns, Ihren Browser beim n\u00e4chsten Besuch wiederzuerkennen. Davon unabh\u00e4ngig besteht f\u00fcr Sie jederzeit die M\u00f6glichkeit, die Cookies in den Sicherheitseinstellungen Ihres Browsers zu l\u00f6schen.<\/p>\n\n\n\n<p><strong>Wie k\u00f6nnen Cookies verhindert werden?&nbsp;<\/strong><br>Es besteht f\u00fcr Sie die M\u00f6glichkeit, durch entsprechende Einstellungen in Ihrem Browser z. B. die Annahme von Third-Party-Cookies oder allen Cookies zu verhindern. Dies kann aber dazu f\u00fchren, dass Sie eventuell nicht alle Funktionen unserer Website nutzen k\u00f6nnen.<\/p>\n\n\n\n<h3 class=\"wp-block-heading\">Information \u00fcber die Erhebung personenbezogener Daten bei einer Kontaktaufnahme per E-Mail oder \u00fcber ein Kontaktformular<\/h3>\n\n\n\n<p>Bei Ihrer Kontaktaufnahme mit uns per E-Mail oder \u00fcber ein Kontaktformular werden die von Ihnen mitgeteilten Daten von uns gespeichert, um Ihre Fragen zu beantworten. (Rechtsgrundlage ist Art. 6 Abs. 1 lit. b DSGVO). Die in diesem Zusammenhang anfallenden Daten l\u00f6schen wir, nachdem die Speicherung nicht mehr erforderlich ist, oder schr\u00e4nken die Verarbeitung ein, falls gesetzliche Aufbewahrungspflichten bestehen.<\/p>\n\n\n\n<p><strong>Selbstverst\u00e4ndlich k\u00f6nnen Sie der Verarbeitung Ihrer personenbezogenen Daten f\u00fcr Zwecke der Werbung und Datenanalyse jederzeit widersprechen. \u00dcber Ihren Werbewiderspruch k\u00f6nnen Sie uns unter folgenden Kontaktdaten informieren:<\/strong><\/p>\n\n\n\n<p>Sauter-Cumulus GmbH<br>Hans-Bunte-Str. 15<br>79108 Freiburg<br>Telefon Tel: 0761 \/ 5105-0<br><a>newsletter(at)de.sauter-bc(dot)com<\/a><\/p>\n\n\n\n<h3 class=\"wp-block-heading\">Google Analytics<\/h3>\n\n\n\n<ol class=\"wp-block-list\">\n<li>Auf unserer Webseite nutzen wir den Webanalysedienst Google Analytics der Google Inc. (\u201eGoogle\u201c). Google Analytics verwendet Cookies, wodurch eine Analyse der Benutzung der Website durch Sie erm\u00f6glicht wird. Wir verfolgen damit das Interesse, unsere Webseite zu analysieren, regelm\u00e4\u00dfig zu verbessen und f\u00fcr Sie interessanter zu gestalten (Rechtsgrundlage ist Art. 6 Abs. 1 S. 1 lit. f DSGVO).<\/li>\n\n\n\n<li>Die so erzeugten Informationen werden regelm\u00e4\u00dfig an einen Server von Google in den USA \u00fcbertragen und dort gespeichert. Google hat sich dem EU-US Privacy Shield unterworfen,&nbsp;<a href=\"https:\/\/www.privacyshield.gov\/EU-US-Framework\" target=\"_blank\" rel=\"noreferrer noopener\">https:\/\/www.privacyshield.gov\/EU-US-Framework<\/a>.<\/li>\n\n\n\n<li>Wir haben Google damit beauftragt, die so gewonnenen Informationen \u00fcber Ihre Nutzung unserer Webseite auszuwerten, um Reports \u00fcber die Website-Aktivit\u00e4ten zusammenzustellen und um weitere mit der Website-Nutzung und der Internetnutzung verbundene Dienstleistungen uns gegen\u00fcber zu erbringen. Es findet jedoch keine Zusammenf\u00fchrung der von Ihrem Browser \u00fcbermittelten IP-Adresse mit anderen Daten von Google statt.<\/li>\n\n\n\n<li>Wenn Sie verhindern m\u00f6chten, dass Cookies gespeichert werden, k\u00f6nnen Sie dies \u00fcber entsprechende Einstellung in Ihrem Browser bewirken. Dies kann jedoch dazu f\u00fchren, dass nicht alle Funktionen unserer Website vollumf\u00e4nglich nutzbar sind. Au\u00dferdem k\u00f6nnen Sie die Erfassung und Verarbeitung der auf Ihre Nutzung der Website bezogenen Daten (inkl. Ihrer IP-Adresse) durch Google verhindern, indem sie das unter dem folgenden Link verf\u00fcgbare Browser-Plug-in herunterladen und installieren:&nbsp;<a href=\"http:\/\/tools.google.com\/dlpage\/gaoptout?hl=de\" target=\"_blank\" rel=\"noreferrer noopener\">http:\/\/tools.google.com\/dlpage\/gaoptout?hl=de<\/a>.<\/li>\n\n\n\n<li>Diese Website verwendet Google Analytics mit der Erweiterung \u201e_anonymizeIp()\u201c, wodurch IP-Adressen gek\u00fcrzt weiterverarbeitet werden. Hierdurch kann eine Personenbeziehbarkeit ausgeschlossen werden. Soweit den \u00fcber Sie erhobenen Daten ein Personenbezug zukommt, wird dieser also sofort ausgeschlossen und die personenbezogenen Daten damit umgehend gel\u00f6scht.<\/li>\n\n\n\n<li>Informationen \u00fcber Google finden Sie unter: Google Dublin, Google Ireland Ltd., Gordon House, Barrow Street, Dublin 4, Ireland, Fax: +353 (1) 436\u20091001.<br>Nutzerbedingungen:&nbsp;<a href=\"http:\/\/www.google.com\/analytics\/terms\/de.html\" target=\"_blank\" rel=\"noreferrer noopener\">http:\/\/www.google.com\/analytics\/terms\/de.html&nbsp;<\/a><br>\u00dcbersicht zum Datenschutz:&nbsp;<a href=\"http:\/\/www.google.com\/intl\/de\/analytics\/learn\/privacy.html\" target=\"_blank\" rel=\"noreferrer noopener\">http:\/\/www.google.com\/intl\/de\/analytics\/learn\/privacy.html<\/a><br>Datenschutzerkl\u00e4rung:&nbsp;<a href=\"https:\/\/policies.google.com\/privacy?hl=de&amp;gl=de\" target=\"_blank\" rel=\"noreferrer noopener\">https:\/\/policies.google.com\/privacy?hl=de&amp;gl=de<\/a><\/li>\n<\/ol>\n\n\n\n<h3 class=\"wp-block-heading\">SSL-Verschl\u00fcsselung<\/h3>\n\n\n\n<p>Diese Seite nutzt aus Gr\u00fcnden der Sicherheit und zum Schutz der \u00dcbertragung vertraulicher Inhalte, wie zum Beispiel der Anfragen, die Sie an uns als Seitenbetreiber senden, eine SSL-Verschl\u00fcsselung. Eine verschl\u00fcsselte Verbindung erkennen Sie daran, dass die Adresszeile des Browsers von \u201chttp:\/\/\u201d auf \u201chttps:\/\/\u201d wechselt und an dem Schloss-Symbol in Ihrer Browserzeile.<\/p>\n\n\n\n<p>Wenn die SSL Verschl\u00fcsselung aktiviert ist, k\u00f6nnen die Daten, die Sie an uns \u00fcbermitteln, nicht von Dritten mitgelesen werden.<br>Quellverweis:&nbsp;<a href=\"http:\/\/www.e-recht24.de\/\" target=\"_blank\" rel=\"noreferrer noopener\">www.e-recht24.de<\/a><\/p>\n\n\n\n<h3 class=\"wp-block-heading\">Ihre Rechte als betroffene Person:<\/h3>\n\n\n\n<p>Ihnen stehen uns gegen\u00fcber folgende Rechte in Bezug auf die Sie betreffenden personenbezogenen Daten zu:<\/p>\n\n\n\n<ul class=\"wp-block-list\">\n<li>Sie k\u00f6nnen von uns eine Best\u00e4tigung dar\u00fcber verlangen, ob wir personenbezogene Daten \u00fcber Sie verarbeiten und falls dies der Fall ist, haben Sie ein Recht auf&nbsp;Auskunft&nbsp;\u00fcber diese personenbezogenen Daten und auf die in Art. 15 DSGVO im Einzelnen aufgef\u00fchrten Informationen.<\/li>\n\n\n\n<li>Sie haben nach Art. 16 DSGVO das Recht, unverz\u00fcglich die&nbsp;Berichtigung&nbsp;Sie betreffender unrichtiger personenbezogener Daten und ggf. die Vervollst\u00e4ndigung unvollst\u00e4ndiger personenbezogener Daten zu verlangen.<\/li>\n\n\n\n<li>Sie haben das Recht von uns zu verlangen, dass die betreffenden personenbezogenen Daten unverz\u00fcglich&nbsp;gel\u00f6scht&nbsp;werden, sofern einer der in Art. 17 DSGVO im Einzelnen aufgef\u00fchrten Gr\u00fcnde zutrifft.<\/li>\n\n\n\n<li>Sie haben das Recht, die&nbsp;Einschr\u00e4nkung&nbsp;der Verarbeitung zu verlangen, wenn eine der in Art. 18 DSGVO aufgef\u00fchrten Voraussetzungen gegeben ist.<\/li>\n\n\n\n<li>Soweit die Voraussetzungen des Art. 20 DSGVO erf\u00fcllt sind haben Sie das Recht eine&nbsp;Daten\u00fcbertragung&nbsp;zu verlangen.<\/li>\n\n\n\n<li>Ihnen steht nach Art. 21 DSGVO ein&nbsp;Widerspruchsrecht&nbsp;gegen die Verarbeitung zu, die auf Art. 6 Abs. 1 S. 1 lit. f DSGVO beruht. Eine Verarbeitung beruht dann auf Art. 6 Abs. 1 S. 1 lit. f DSGVO, wenn die Verarbeitung beispielsweise nicht zur Erf\u00fcllung eines Vertrages notwendig ist, sondern auf einer Interessenabw\u00e4gung beruht.<\/li>\n\n\n\n<li>Soweit wir Ihre Daten auf Grundlage einer Einwilligung verarbeiten, die Sie uns erteilt haben, k\u00f6nnen Sie diese&nbsp;Einwilligung&nbsp;jederzeit&nbsp;widerrufen.&nbsp; Durch den Widerruf wird die Rechtm\u00e4\u00dfigkeit der aufgrund der Einwilligung bis zum Widerruf erfolgten Verarbeitung nicht ber\u00fchrt, d.h. der Widerruf beeinflusst die Zul\u00e4ssigkeit der Verarbeitung Ihrer personenbezogenen Daten erst nachdem er uns gegen\u00fcber erkl\u00e4rt wurde.<\/li>\n\n\n\n<li>Sie haben zudem das Recht auf&nbsp;Beschwerde bei einer Aufsichtsbeh\u00f6rde, wenn Sie der Ansicht sind, dass die Verarbeitung der Sie betreffenden personenbezogenen Daten gegen die DSGVO verst\u00f6\u00dft (Art. 77 DSGVO). Sie k\u00f6nnen dieses Recht bei einer Aufsichtsbeh\u00f6rde in dem Mitgliedsstaat Ihres Aufenthaltsortes, Ihres Arbeitsplatzes oder des Ortes des mutma\u00dflichen Versto\u00dfes geltend machen. Eine \u00dcbersicht \u00fcber die Aufsichtsbeh\u00f6rden in Deutschland finden Sie hier:&nbsp;<a href=\"https:\/\/www.bfdi.bund.de\/DE\/Infothek\/Anschriften_Links\/anschriften_links-node.html\" target=\"_blank\" rel=\"noreferrer noopener\">https:\/\/www.bfdi.bund.de\/DE\/Infothek\/Anschriften_Links\/anschriften_links-node.html<\/a><\/li>\n<\/ul>\n\n\n\n<p>Die f\u00fcr unser Unternehmen zust\u00e4ndige Aufsichtsbeh\u00f6rde ist<\/p>\n\n\n\n<p>Der Landesbeauftragte f\u00fcr den Datenschutz und die Informationsfreiheit<br>K\u00f6nigstrasse 10 a<br>70173 Stuttgart<br>Tel.: 0711\/615541-0<br>E-Mail:&nbsp;<a>poststelle(at)lfdi.bwl(dot)de<\/a><\/p>\n","protected":false},"excerpt":{"rendered":"<p>Datenschutzerkl\u00e4rung Identit\u00e4t des Verantwortlichen: Sauter-Cumulus GmbH&nbsp;Hans-Bunte-Str. 1579108 FreiburgTel. +49 761 5105-0Fax +49 761 5105-234 Kontaktdaten der Datenschutzbeauftragten: Herr Daniel Albrechtdatenschutz(at)de.sauter-bc(dot)com Information \u00fcber die Erhebung personenbezogener Daten beim Besuch unserer Webseite Soweit Sie unsere Webseite nur informatorisch nutzen ohne uns anderweitig Informationen zu \u00fcbermitteln, erheben wir nur die personenbezogenen Daten, die Ihr Browser an unseren Server&hellip; <a class=\"more-link\" href=\"https:\/\/trade-fair.sauter-digital.com\/en\/datenschutzerklaerung\/\"><span class=\"screen-reader-text\">Datenschutzerkl\u00e4rung<\/span> weiterlesen<\/a><\/p>\n","protected":false},"author":1,"featured_media":0,"parent":0,"menu_order":10,"comment_status":"closed","ping_status":"open","template":"","meta":{"inline_featured_image":false,"footnotes":""},"class_list":["post-3","page","type-page","status-publish","hentry","entry"],"_links":{"self":[{"href":"https:\/\/trade-fair.sauter-digital.com\/en\/wp-json\/wp\/v2\/pages\/3","targetHints":{"allow":["GET"]}}],"collection":[{"href":"https:\/\/trade-fair.sauter-digital.com\/en\/wp-json\/wp\/v2\/pages"}],"about":[{"href":"https:\/\/trade-fair.sauter-digital.com\/en\/wp-json\/wp\/v2\/types\/page"}],"author":[{"embeddable":true,"href":"https:\/\/trade-fair.sauter-digital.com\/en\/wp-json\/wp\/v2\/users\/1"}],"replies":[{"embeddable":true,"href":"https:\/\/trade-fair.sauter-digital.com\/en\/wp-json\/wp\/v2\/comments?post=3"}],"version-history":[{"count":3,"href":"https:\/\/trade-fair.sauter-digital.com\/en\/wp-json\/wp\/v2\/pages\/3\/revisions"}],"predecessor-version":[{"id":8526,"href":"https:\/\/trade-fair.sauter-digital.com\/en\/wp-json\/wp\/v2\/pages\/3\/revisions\/8526"}],"wp:attachment":[{"href":"https:\/\/trade-fair.sauter-digital.com\/en\/wp-json\/wp\/v2\/media?parent=3"}],"curies":[{"name":"wp","href":"https:\/\/api.w.org\/{rel}","templated":true}]}}